{"id":1763,"date":"2013-06-20T13:08:26","date_gmt":"2013-06-20T12:08:26","guid":{"rendered":"http:\/\/www.lacellule3d.fr\/?page_id=1763"},"modified":"2013-08-30T10:01:37","modified_gmt":"2013-08-30T09:01:37","slug":"presentation","status":"publish","type":"page","link":"https:\/\/www.lacellule3d.fr\/?page_id=1763","title":{"rendered":"Pr\u00e9sentation"},"content":{"rendered":"<p>&nbsp;<\/p>\n<p>&nbsp;<\/p>\n<p>&nbsp;<\/p>\n<p>La cellule 3d est une agence sp\u00e9cialis\u00e9e en images de synth\u00e8se, essentiellement dans la repr\u00e9sentation de projets d&rsquo;architecture.<\/p>\n<p>Notre\u00a0exp\u00e9rience est n\u00e9e d&rsquo;une collaboration de plus de douze ann\u00e9es au sein d&rsquo;une grande agence d&rsquo;architecture parisienne.<\/p>\n<p>Au del\u00e0 de la\u00a0production d&rsquo;images, notre objectif est de proposer un accompagnement\u00a0du projet, depuis sa premi\u00e8re esquisse, jusqu&rsquo;\u00e0 sa livraison.<\/p>\n<p>&nbsp;<\/p>\n<p>&nbsp;<\/p>\n<p>&nbsp;<\/p>\n","protected":false},"excerpt":{"rendered":"<p>&nbsp; &nbsp; &nbsp; La cellule 3d est une agence sp\u00e9cialis\u00e9e en images de synth\u00e8se, essentiellement dans la repr\u00e9sentation de projets d&rsquo;architecture. Notre\u00a0exp\u00e9rience est n\u00e9e d&rsquo;une collaboration de plus de douze ann\u00e9es au sein d&rsquo;une grande agence d&rsquo;architecture parisienne. Au del\u00e0 de la\u00a0production d&rsquo;images, notre objectif est de proposer un accompagnement\u00a0du projet, depuis sa premi\u00e8re esquisse, [&hellip;]<\/p>\n","protected":false},"author":1,"featured_media":0,"parent":0,"menu_order":0,"comment_status":"open","ping_status":"open","template":"","meta":[],"_links":{"self":[{"href":"https:\/\/www.lacellule3d.fr\/index.php?rest_route=\/wp\/v2\/pages\/1763"}],"collection":[{"href":"https:\/\/www.lacellule3d.fr\/index.php?rest_route=\/wp\/v2\/pages"}],"about":[{"href":"https:\/\/www.lacellule3d.fr\/index.php?rest_route=\/wp\/v2\/types\/page"}],"author":[{"embeddable":true,"href":"https:\/\/www.lacellule3d.fr\/index.php?rest_route=\/wp\/v2\/users\/1"}],"replies":[{"embeddable":true,"href":"https:\/\/www.lacellule3d.fr\/index.php?rest_route=%2Fwp%2Fv2%2Fcomments&post=1763"}],"version-history":[{"count":22,"href":"https:\/\/www.lacellule3d.fr\/index.php?rest_route=\/wp\/v2\/pages\/1763\/revisions"}],"predecessor-version":[{"id":1790,"href":"https:\/\/www.lacellule3d.fr\/index.php?rest_route=\/wp\/v2\/pages\/1763\/revisions\/1790"}],"wp:attachment":[{"href":"https:\/\/www.lacellule3d.fr\/index.php?rest_route=%2Fwp%2Fv2%2Fmedia&parent=1763"}],"curies":[{"name":"wp","href":"https:\/\/api.w.org\/{rel}","templated":true}]}}